{"id":602,"date":"2023-10-13T09:46:49","date_gmt":"2023-10-13T08:46:49","guid":{"rendered":"https:\/\/prelo.fcsh.unl.pt\/?page_id=602"},"modified":"2025-03-10T10:45:33","modified_gmt":"2025-03-10T10:45:33","slug":"boas-praticas-de-edicao-cientifica","status":"publish","type":"page","link":"https:\/\/prelo.fcsh.unl.pt\/en\/boas-praticas-de-edicao-cientifica\/","title":{"rendered":"Best Practices"},"content":{"rendered":"<p>PRELO - Platform for Journals and Books of NOVA FCSH actively promotes a set of best practices among the collections and journals it hosts, ensuring the quality of the editorial process and aligning publications with the most recent and recognised models in this field.<\/p>\n<p>&nbsp;<\/p>\n<h6><span data-contrast=\"auto\">OPEN ACCESS<\/span><\/h6>\n<p>PRELO\u2019s content must be freely accessible, allowing users to read, download, copy, distribute, print, search or link articles in full text, chapters or books, or to use them for any other lawful purpose, without requesting prior authorisation from the journal, collection or authors, provided that proper reference is made to the publication and in accordance with the licence assigned to the content.<\/p>\n<p>The submission and publication should also be free of charge. No fees should be charged to authors.<\/p>\n<p class=\"translation-block\">To facilitate access, discovery, interoperability, and reuse, PRELO recommends that journals be registered in the <a href=\"https:\/\/doaj.org\/\" target=\"_self\">Directory of Open Access Journals<\/a> (DOAJ) and that self-archiving policies be recorded in the <a href=\"https:\/\/openpolicyfinder.jisc.ac.uk\/\" target=\"_self\">SHERPA RoMEO<\/a>  database.<\/p>\n<p>&nbsp;<\/p>\n<h6><span data-contrast=\"auto\">PEER REVIEW<\/span><\/h6>\n<p>Manuscripts submitted for publication in PRELO\u2019s journals and collections should be subjected to a sound peer review process, defined by the journal\u2019s or collection Editorial Boards, as a guarantee of scientific quality.<\/p>\n<p>&nbsp;<\/p>\n<h6><span data-contrast=\"auto\">COPYRIGHT AND RIGHTS RETENTION STRATEGY<br \/>\n<\/span><\/h6>\n<p>PRELO encourages authors to retain their intellectual property rights. The Rights Retention Strategy means they should not transfer copyright exclusively to the editorial or scientific boards of journals and collections. This mechanism allows authors to retain control over the distribution of their manuscript before, during, and after the peer review process.<\/p>\n<p>The use of third-party material should only be authorised with the appropriate legal consent, obtained in advance by those responsible for submitting the work. The terms of the <i>Creative Commons<\/i> licences applied to published works do not extend to any non-original content (such as graphics, figures, photos, excerpts, etc.), requiring additional permission from the rights holder. The responsibility for seeking permission and ensuring clear authorisation lies solely with the party reusing the material.<\/p>\n<p>&nbsp;<\/p>\n<h6><span data-contrast=\"auto\">EQUITY, EQUALITY, AND DIVERSITY<\/span><\/h6>\n<p>PRELO recommends and actively promotes gender equity and equality in the editorial activities of the journals and collections.<br \/>\nIt is also strongly advised that editorial and scientific boards of journals and collections hosted on PRELO include external members from outside the NOVA FCSH community, representing different geographical backgrounds.<\/p>\n<p>&nbsp;<\/p>\n<h6><span data-contrast=\"auto\">ETHICS AND INTEGRITY<\/span><\/h6>\n<p>Journals and collections hosted on PRELO are encouraged to make every effort to ensure that published content does not infringe the rights of any individual or violate applicable legislation in Portugal.<\/p>\n<p>With the increasing use of artificial intelligence in research and publication processes, PRELO asks authors to consider the ethical implications and ensure transparency in the use of AI algorithms and data.<\/p>\n<p>It also warns that plagiarism is ethically unacceptable and can be detected through text similarity tools.<\/p>\n<p>Additionally, PRELO recommends the implementation of a standardised system for assigning authorship roles (such as the Contributor Roles Taxonomy \u2013 <a href=\"https:\/\/credit.niso.org\/\">CRediT<\/a>), which defines the responsibilities of each participant in the intellectual process, preventing unclear authorship practices that may be ethically questionable and\/or legally sanctionable.<\/p>\n<p>&nbsp;<\/p>\n<h6><span data-contrast=\"auto\">RESEARCH DATA<\/span><\/h6>\n<p>When research data is associated with publications, authors are encouraged to make data available in compliance with the FAIR Principles (<i>Findable<\/i>, <i>Accessible<\/i>, <i>Interoperable<\/i>, <i>Reusable<\/i>) and CARE Principles (<i>Collective,<\/i> <i>Benefit<\/i>, <i>Authorithy of Control<\/i>, <i>Responsability<\/i>and <i>Ethics<\/i>). Data should be deposited in a certified data repository under an open access licence, allowing unrestricted access.<\/p>\n<p>The submitted work must include a \u201cData Availability Statement\u201d and provide the persistent identifier assigned by the data repository.<\/p>\n<p>A list of data repositories can be found at <a href=\"https:\/\/www.re3data.org\/\">https:\/\/www.re3data.org\/<\/a><\/p>\n<p>If it is not possible to make data publicly available through open access, a justification must be provided.<\/p>\n<p>Secondary data (obtained from other sources) must be properly credited.<\/p>\n<p><a href=\"https:\/\/doi.org\/10.5281\/zenodo.10512423\" target=\"_blank\" rel=\"noopener\">For more information, please refer to the <\/a><a href=\"https:\/\/doi.org\/10.5281\/zenodo.10512423\">Guia para a Gest\u00e3o de Dados de Investiga\u00e7\u00e3o na NOVA FCSH<\/a><\/p>\n<p>&nbsp;<\/p>\n<h6><span data-contrast=\"auto\">PID - PERSISTENT IDENTIFIER<\/span><\/h6>\n<p>To enhance the dissemination and accessibility PRELO recommends the use of persistent identifiers (PID) in compliance with internationally recognised standards:<\/p>\n<p><a href=\"https:\/\/orcid.org\/\">ORCID \u2013 Open Researcher and Contributor ID<\/a> (for authors)<\/p>\n<p><a href=\"https:\/\/doi.unl.pt\/fcsh-pt\/\">DOI \u2013 Digital Object Identifier<\/a><\/p>\n<p><a href=\"https:\/\/www.bnportugal.gov.pt\/index.php?option=com_content&amp;view=article&amp;id=154&amp;Itemid=191&amp;lang=pt\">ISSN<\/a> (for Scientific Journals)<\/p>\n<p><a href=\"https:\/\/isbn.apel.pt\/pedido\">ISBN<\/a> (for Books)<\/p>\n<p>&nbsp;<\/p>\n<h6><span data-contrast=\"auto\">PUBLICATION LANGUAGES<\/span><\/h6>\n<p>The affirmation of Portuguese as a publication language assumes strategic importance in the academic and scientific project of NOVA FCSH.<\/p>\n<p>However, in order to increase the widespread dissemination of knowledge, PRELO encourages the promotion of multilingualism and, in particular, the use of English language<\/p>\n<p>&nbsp;<\/p>\n<h6><span data-contrast=\"auto\">PREPRINTS<\/span><\/h6>\n<p>Considering the current developments in the publishing market and the increasing value placed on the dissemination of research outputs at its earliest stages, PRELO recommends the establishment of a preprints deposit policy in reliable and certified repositories.<\/p>\n<p>&nbsp;<\/p>\n<h6><span data-contrast=\"auto\">LONG-TERM PRESERVATION<\/span><\/h6>\n<p>PRELO is committed to the long-term preservation of its content, by implementing specific services for this purpose whenever necessary.<\/p>\n<p>Articles in scientific journals and books included in the collections hosted on PRELO, authored by researchers affiliated with NOVA FCSH, can also be preserved in RUN \u2013 the Institutional Repository of NOVA University Lisbon.<\/p>\n<p>For more information, please contact us at the following e-mail address: <a href=\"mailto:repositorio@fcsh.unl.pt\">repositorio@fcsh.unl.pt<\/a><\/p>\n<p>&nbsp;<\/p>","protected":false},"excerpt":{"rendered":"<p>A PRELO \u2013 Plataforma de Revistas e Livros da NOVA FCSH promove ativamente, junto das cole\u00e7\u00f5es e revistas que agrega, um conjunto de boas pr\u00e1ticas que asseguram a qualidade do processo editorial e que alinham a edi\u00e7\u00e3o com os mais recentes e reconhecidos modelos neste dom\u00ednio. &nbsp; ACESSO ABERTO O conte\u00fado disponibilizado pelas revistas e [&hellip;]<\/p>\n","protected":false},"author":3,"featured_media":0,"parent":0,"menu_order":0,"comment_status":"closed","ping_status":"closed","template":"","meta":{"footnotes":""},"class_list":["post-602","page","type-page","status-publish","hentry"],"acf":[],"_links":{"self":[{"href":"https:\/\/prelo.fcsh.unl.pt\/en\/wp-json\/wp\/v2\/pages\/602","targetHints":{"allow":["GET"]}}],"collection":[{"href":"https:\/\/prelo.fcsh.unl.pt\/en\/wp-json\/wp\/v2\/pages"}],"about":[{"href":"https:\/\/prelo.fcsh.unl.pt\/en\/wp-json\/wp\/v2\/types\/page"}],"author":[{"embeddable":true,"href":"https:\/\/prelo.fcsh.unl.pt\/en\/wp-json\/wp\/v2\/users\/3"}],"replies":[{"embeddable":true,"href":"https:\/\/prelo.fcsh.unl.pt\/en\/wp-json\/wp\/v2\/comments?post=602"}],"version-history":[{"count":10,"href":"https:\/\/prelo.fcsh.unl.pt\/en\/wp-json\/wp\/v2\/pages\/602\/revisions"}],"predecessor-version":[{"id":3205,"href":"https:\/\/prelo.fcsh.unl.pt\/en\/wp-json\/wp\/v2\/pages\/602\/revisions\/3205"}],"wp:attachment":[{"href":"https:\/\/prelo.fcsh.unl.pt\/en\/wp-json\/wp\/v2\/media?parent=602"}],"curies":[{"name":"wp","href":"https:\/\/api.w.org\/{rel}","templated":true}]}}