{"id":396,"date":"2023-10-11T11:44:12","date_gmt":"2023-10-11T10:44:12","guid":{"rendered":"https:\/\/prelo.fcsh.unl.pt\/?page_id=396"},"modified":"2025-02-18T14:10:09","modified_gmt":"2025-02-18T14:10:09","slug":"novas-adesoes","status":"publish","type":"page","link":"https:\/\/prelo.fcsh.unl.pt\/en\/novas-adesoes\/","title":{"rendered":"New subscriptions"},"content":{"rendered":"<p>To join PRELO - Platform for Journals and Books of NOVA FCSH, or to request any information, please contact us at the following e-mail address:<br \/>\n<a href=\"mailto:prelo@fcsh.unl.pt\">prelo@fcsh.unl.pt<\/a><\/p>","protected":false},"excerpt":{"rendered":"<p>Para iniciar o processo de ades\u00e3o \u00e0 PRELO \u2013 PLATAFORMA DE REVISTAS E LIVROS DA NOVA FCSH, ou solicitar esclarecimentos sobre este assunto, contacte-nos atrav\u00e9s do endere\u00e7o de correio eletr\u00f3nico: prelo@fcsh.unl.pt<\/p>","protected":false},"author":3,"featured_media":0,"parent":0,"menu_order":0,"comment_status":"closed","ping_status":"closed","template":"","meta":{"footnotes":""},"class_list":["post-396","page","type-page","status-publish","hentry"],"acf":[],"_links":{"self":[{"href":"https:\/\/prelo.fcsh.unl.pt\/en\/wp-json\/wp\/v2\/pages\/396","targetHints":{"allow":["GET"]}}],"collection":[{"href":"https:\/\/prelo.fcsh.unl.pt\/en\/wp-json\/wp\/v2\/pages"}],"about":[{"href":"https:\/\/prelo.fcsh.unl.pt\/en\/wp-json\/wp\/v2\/types\/page"}],"author":[{"embeddable":true,"href":"https:\/\/prelo.fcsh.unl.pt\/en\/wp-json\/wp\/v2\/users\/3"}],"replies":[{"embeddable":true,"href":"https:\/\/prelo.fcsh.unl.pt\/en\/wp-json\/wp\/v2\/comments?post=396"}],"version-history":[{"count":3,"href":"https:\/\/prelo.fcsh.unl.pt\/en\/wp-json\/wp\/v2\/pages\/396\/revisions"}],"predecessor-version":[{"id":3175,"href":"https:\/\/prelo.fcsh.unl.pt\/en\/wp-json\/wp\/v2\/pages\/396\/revisions\/3175"}],"wp:attachment":[{"href":"https:\/\/prelo.fcsh.unl.pt\/en\/wp-json\/wp\/v2\/media?parent=396"}],"curies":[{"name":"wp","href":"https:\/\/api.w.org\/{rel}","templated":true}]}}