{"id":328,"date":"2023-10-10T21:16:59","date_gmt":"2023-10-10T20:16:59","guid":{"rendered":"https:\/\/prelo.fcsh.unl.pt\/?page_id=328"},"modified":"2025-04-09T12:49:02","modified_gmt":"2025-04-09T11:49:02","slug":"prelo","status":"publish","type":"page","link":"https:\/\/prelo.fcsh.unl.pt\/en\/prelo\/","title":{"rendered":"PRELO"},"content":{"rendered":"<p>PRELO - Platform for Journals and Books of NOVA FCSH is a digital infrastructure with the mission of hosting, managing, archiving, preserving, and disseminating scientific publications edited by the R&amp;D Units of the School of Social Sciences and Humanities of NOVA University Lisbon.<\/p>\n<p>It is an open access platform, that allows users to read, download, copy, distribute, print, search or link articles in full text, chapters or books, or to use them for any other lawful purpose, without requesting prior authorisation from the journal, collection or authors, provided that proper reference is made to the publication and in accordance with the licence assigned to the content.<\/p>\n<p>Manuscripts are subjected to a sound peer review process, defined by the journal\u2019s or collection Editorial Boards, as a guarantee of scientific quality.<\/p>\n<p>PRELO is committed to promote Open Science and it is aligned with the Principles of Transparency and Best Practice in Scholarly Publishing established by the <a href=\"https:\/\/publicationethics.org\/core-practices\" target=\"_blank\" rel=\"noopener\">Committee on Publication Ethics<\/a> (COPE), the <a href=\"https:\/\/doaj.org\/apply\/transparency\/\" target=\"_blank\" rel=\"noopener\">Directory of Open Access Journals<\/a> (DOAJ) and the <a href=\"https:\/\/www.oaspa.org\/membership\/code-of-conduct\/\" target=\"_blank\" rel=\"noopener\">Open Access Scholarly Publishers Association<\/a> (OASPA).<\/p>\n<p><span data-teams=\"true\">PRELO platform was developed with the support of national funds through the Foundation for Science and Technology within the scope of financing the following Research Units:<\/span><\/p>\n<p><span data-teams=\"true\"> <strong>IFILNOVA<\/strong> (UIDB\/00183\/2020; UIDP\/00183\/2020), <strong>IHA<\/strong> (UIDB\/00417\/2020; UIDP\/00417\/2020), <strong>IELT<\/strong> (UIDB\/00657\/2020; UIDP\/00657\/2020), <strong>CESEM<\/strong> (UIDB\/00693\/2020; UIDP\/00693\/2020), <strong>IEM<\/strong> (UIDB\/00749\/2020; UIDP\/00749\/2020), <strong>CLUNL<\/strong> (UIDB\/03213\/2020; UIDP\/03213\/2020), <strong>CETAPS<\/strong> (UIDB\/04097\/2020; UIDP\/04097\/2020), <strong>IHC<\/strong> (UIDB\/04209\/2020; UIDP\/04209\/2020), <strong>IPRI<\/strong> (UIDB\/04627\/2020), <strong>CICS.NOVA<\/strong> (UIDB\/04647\/2020; UIDP\/04647\/2020), <strong>CHAM<\/strong> (UIDB\/04666\/2020; UIDP\/04666\/2020) and <strong>ICNOVA<\/strong> (UIDB\/05021\/2020; UIDP\/05021\/2020).\u00a0<\/span><\/p>","protected":false},"excerpt":{"rendered":"<p>A PRELO \u2013 Plataforma de Revistas e Livros da NOVA FCSH \u00e9 uma infraestrutura digital que tem como miss\u00e3o alojar, gerir, arquivar, preservar e divulgar as publica\u00e7\u00f5es cient\u00edficas editadas pelas Unidades de Investiga\u00e7\u00e3o da Faculdade de Ci\u00eancias Sociais e Humanas da Universidade Nova de Lisboa. \u00c9 uma infraestrutura de acesso aberto, permitindo aos\/\u00e0s utilizadores\/as ler, [&hellip;]<\/p>\n","protected":false},"author":3,"featured_media":0,"parent":0,"menu_order":0,"comment_status":"closed","ping_status":"closed","template":"","meta":{"footnotes":""},"class_list":["post-328","page","type-page","status-publish","hentry"],"acf":[],"_links":{"self":[{"href":"https:\/\/prelo.fcsh.unl.pt\/en\/wp-json\/wp\/v2\/pages\/328","targetHints":{"allow":["GET"]}}],"collection":[{"href":"https:\/\/prelo.fcsh.unl.pt\/en\/wp-json\/wp\/v2\/pages"}],"about":[{"href":"https:\/\/prelo.fcsh.unl.pt\/en\/wp-json\/wp\/v2\/types\/page"}],"author":[{"embeddable":true,"href":"https:\/\/prelo.fcsh.unl.pt\/en\/wp-json\/wp\/v2\/users\/3"}],"replies":[{"embeddable":true,"href":"https:\/\/prelo.fcsh.unl.pt\/en\/wp-json\/wp\/v2\/comments?post=328"}],"version-history":[{"count":8,"href":"https:\/\/prelo.fcsh.unl.pt\/en\/wp-json\/wp\/v2\/pages\/328\/revisions"}],"predecessor-version":[{"id":3288,"href":"https:\/\/prelo.fcsh.unl.pt\/en\/wp-json\/wp\/v2\/pages\/328\/revisions\/3288"}],"wp:attachment":[{"href":"https:\/\/prelo.fcsh.unl.pt\/en\/wp-json\/wp\/v2\/media?parent=328"}],"curies":[{"name":"wp","href":"https:\/\/api.w.org\/{rel}","templated":true}]}}