{"id":3189,"date":"2025-02-24T15:47:58","date_gmt":"2025-02-24T15:47:58","guid":{"rendered":"https:\/\/prelo.fcsh.unl.pt\/?page_id=3189"},"modified":"2025-02-24T15:52:13","modified_gmt":"2025-02-24T15:52:13","slug":"area-reservada","status":"publish","type":"page","link":"https:\/\/prelo.fcsh.unl.pt\/en\/area-reservada\/","title":{"rendered":"Restricted Area"},"content":{"rendered":"<h6><b>ENQUADRAMENTO<\/b><\/h6>\n<p>A NOVA FCSH \u00e9 uma institui\u00e7\u00e3o com experi\u00eancia na edi\u00e7\u00e3o acad\u00e9mica e cient\u00edfica nas Ci\u00eancias Sociais e Humanas, desenvolvida atrav\u00e9s das suas Unidades de Investiga\u00e7\u00e3o e apoiada pela Funda\u00e7\u00e3o para a Ci\u00eancia e Tecnologia. Revistas e cole\u00e7\u00f5es t\u00eam-se constitu\u00eddo como refer\u00eancia nacional e internacional em \u00e1reas espec\u00edficas do conhecimento, algumas com mais de 20 anos de publica\u00e7\u00e3o, e privilegiando, a maioria, a l\u00edngua portuguesa.<\/p>\n<p>Com a afirma\u00e7\u00e3o do meio digital e o surgimento do movimento internacional do Acesso Aberto, tem havido uma aposta crescente na implementa\u00e7\u00e3o dos novos requisitos da edi\u00e7\u00e3o digital e das boas pr\u00e1ticas da edi\u00e7\u00e3o cient\u00edfica.<\/p>\n<p>&nbsp;<\/p>\n<p>A <b>PRELO \u2013 Plataforma de Revistas e Livros da NOVA FCSH<\/b> vem dar uma resposta consistente, integrada e eficaz \u00e0s necessidades de alojamento de revistas e cole\u00e7\u00f5es, considerando:<\/p>\n<ul>\n<li aria-level=\"1\">a import\u00e2ncia estrat\u00e9gica da miss\u00e3o editorial desenvolvida pela comunidade acad\u00e9mica e cient\u00edfica para a pr\u00f3pria comunidade e para sociedade em geral;<\/li>\n<li aria-level=\"1\">ser insuficiente, por si s\u00f3, a disponibiliza\u00e7\u00e3o dos conte\u00fados cient\u00edficos em linha para a certifica\u00e7\u00e3o, preserva\u00e7\u00e3o e divulga\u00e7\u00e3o adequadas;<\/li>\n<li aria-level=\"1\">serem altamente recomendadas a utiliza\u00e7\u00e3o de sistemas desenvolvidos exclusivamente para a edi\u00e7\u00e3o, gest\u00e3o, divulga\u00e7\u00e3o e preserva\u00e7\u00e3o de publica\u00e7\u00f5es cient\u00edficas, al\u00e9m da partilha de infraestruturas e recursos pela pr\u00f3pria comunidade, promovendo simultaneamente um ecossistema cient\u00edfico global sustent\u00e1vel, aberto e equitativo;<\/li>\n<li aria-level=\"1\">as orienta\u00e7\u00f5es e pol\u00edticas internacionais para a Ci\u00eancia Aberta, em particular para as edi\u00e7\u00f5es cient\u00edficas de acesso aberto diamante, designadamente as da UNESCO, Science Europe, COPE e OPERAS.<\/li>\n<\/ul>\n<p>&nbsp;<\/p>\n<h6><b>MISS\u00c3O E OBJETIVOS<\/b><\/h6>\n<p>A PRELO \u00e9 uma infraestrutura digital de acesso aberto com a miss\u00e3o de alojar, gerir, arquivar, preservar e divulgar as publica\u00e7\u00f5es cient\u00edficas editadas pelas Unidades de Investiga\u00e7\u00e3o da Faculdade de Ci\u00eancias Sociais e Humanas da Universidade Nova de Lisboa, e disponibiliz\u00e1-las gratuitamente para o p\u00fablico de todo o mundo. Esta miss\u00e3o materializa-se nos seguintes objetivos:<\/p>\n<ol>\n<li aria-level=\"1\">capacitar as chancelas editoriais com as ferramentas mais adequadas e avan\u00e7adas da edi\u00e7\u00e3o cient\u00edfica digital;<\/li>\n<li aria-level=\"1\">facilitar maior abertura, efici\u00eancia, qualidade e sustentabilidade da atividade editorial e dos recursos;<\/li>\n<li aria-level=\"1\">alinhar a atividade editorial com as recomenda\u00e7\u00f5es internacionais para a Ci\u00eancia Aberta e para os princ\u00edpios de transpar\u00eancia e boas pr\u00e1ticas na edi\u00e7\u00e3o cient\u00edfica;<\/li>\n<li aria-level=\"1\">facilitar a interoperabilidade da informa\u00e7\u00e3o, com consequente impacte na visibilidade, acessibilidade e difus\u00e3o da edi\u00e7\u00e3o cient\u00edfica junto da comunidade cient\u00edfica e da sociedade em geral;<\/li>\n<li aria-level=\"1\">garantir a seguran\u00e7a, preserva\u00e7\u00e3o, curadoria e arquivo digital de conte\u00fados e metadados;<\/li>\n<li aria-level=\"1\">promover a reflex\u00e3o e debate sobre a comunica\u00e7\u00e3o cient\u00edfica, bibliodiversidade e multilinguismo nas Ci\u00eancias Sociais e Humanas.<\/li>\n<\/ol>\n<hr \/>\n<h3><b>Responsabilidades, Direitos e Deveres<\/b><\/h3>\n<p>&nbsp;<\/p>\n<p>A NOVA FCSH \u00e9 respons\u00e1vel por:<\/p>\n<ul>\n<li aria-level=\"1\">garantir o alojamento e manuten\u00e7\u00e3o da infraestrutura;<\/li>\n<li aria-level=\"1\">assegurar o funcionamento e a cria\u00e7\u00e3o de novas inst\u00e2ncias OJS e OMP;<\/li>\n<li aria-level=\"1\">prestar apoio t\u00e9cnico.<\/li>\n<\/ul>\n<p>&nbsp;<\/p>\n<p>A NOVA FCSH reserva-se o direito de:<\/p>\n<ul>\n<li aria-level=\"1\">avaliar a adequa\u00e7\u00e3o dos t\u00edtulos para ades\u00e3o de acordo com os Boas Pr\u00e1ticas [link para \u00e1rea do website Boas Pr\u00e1ticas] da PRELO e os <a href=\"https:\/\/publicationethics.org\/core-practices\">Princ\u00edpios de Transpar\u00eancia e Boas Pr\u00e1ticas de Publica\u00e7\u00f5es Cient\u00edfica<\/a> da COPE;<\/li>\n<li aria-level=\"1\">reavaliar a perman\u00eancia de uma publica\u00e7\u00e3o na PRELO que deixe de cumprir com a com os Boas Pr\u00e1ticas [link para \u00e1rea do website Boas Pr\u00e1ticas] da PRELO e os <a href=\"https:\/\/publicationethics.org\/core-practices\">Princ\u00edpios de Transpar\u00eancia e Boas Pr\u00e1ticas de Publica\u00e7\u00f5es Cient\u00edfica<\/a> da COPE;<\/li>\n<li aria-level=\"1\">se isentar de responsabilidade relativamente a qualquer ato il\u00edcito que, inadvertidamente, advenha de um trabalho publicado.<\/li>\n<\/ul>\n<p>&nbsp;<\/p>\n<p>As Unidades de Investiga\u00e7\u00e3o e chancelas editoriais s\u00e3o respons\u00e1veis por:<\/p>\n<ul>\n<li aria-level=\"1\">aplicar Boas Pr\u00e1ticas [link para \u00e1rea do website Boas Pr\u00e1ticas] da PRELO e os <a href=\"https:\/\/publicationethics.org\/core-practices\">Princ\u00edpios de Transpar\u00eancia e Boas Pr\u00e1ticas de Publica\u00e7\u00f5es Cient\u00edfica<\/a> da COPE;<\/li>\n<li aria-level=\"1\">gerir os conte\u00fados e processo editorial das inst\u00e2ncias OJS e OMP;<\/li>\n<li aria-level=\"1\">gerir o arquivo do hist\u00f3rico das publica\u00e7\u00f5es;<\/li>\n<li aria-level=\"1\">incluir o logotipo da NOVA FCSH nas suas publica\u00e7\u00f5es.<\/li>\n<\/ul>\n<p>&nbsp;<\/p>\n<p>As Unidades de Investiga\u00e7\u00e3o e chancelas editoriais reservam-se o direito de:<\/p>\n<ul>\n<li aria-level=\"1\">manter a independ\u00eancia e autonomia cient\u00edfica na gest\u00e3o das publica\u00e7\u00f5es que editam;<\/li>\n<li aria-level=\"1\">manter a sua identidade gr\u00e1fica;<\/li>\n<li aria-level=\"1\">solicitar a cria\u00e7\u00e3o de novas inst\u00e2ncias;<\/li>\n<li aria-level=\"1\">beneficiar de alojamento ilimitado de t\u00edtulos e volumes editados atrav\u00e9s da chancela;<\/li>\n<li aria-level=\"1\">obter apoio t\u00e9cnico e manuten\u00e7\u00e3o evolutiva das inst\u00e2ncias OJS e OMP atribu\u00eddas;<\/li>\n<li aria-level=\"1\">beneficiar da atribui\u00e7\u00e3o gratuita dos identificadores persistentes DOI \/ ISBN atrav\u00e9s das subscri\u00e7\u00f5es da NOVA \/ NOVA FCSH.<\/li>\n<\/ul>\n<hr \/>\n<h6><b>NOVAS ADES\u00d5ES<\/b><\/h6>\n<p>A PRELO est\u00e1 aberta a propostas de integra\u00e7\u00e3o de chancelas editoriais, revistas cient\u00edficas ou cole\u00e7\u00f5es, existentes ou a criar pelas Unidades de Investiga\u00e7\u00e3o, estando estas sujeitas ao pagamento de um valor, uma \u00fanica vez, que ser\u00e1 utilizado na manuten\u00e7\u00e3o e atualiza\u00e7\u00e3o futuras da infraestrutura.<\/p>\n<p>Para iniciar o processo de ades\u00e3o \u00e0 PRELO \u2013 PLATAFORMA DE REVISTAS E LIVROS DA NOVA FCSH, ou solicitar esclarecimentos sobre este assunto, contacte-nos atrav\u00e9s do endere\u00e7o de correio eletr\u00f3nico: <a href=\"mailto:prelo@fcsh.unl.pt\">prelo@fcsh.unl.pt<\/a><\/p>\n","protected":false},"excerpt":{"rendered":"<p>ENQUADRAMENTO A NOVA FCSH \u00e9 uma institui\u00e7\u00e3o com experi\u00eancia na edi\u00e7\u00e3o acad\u00e9mica e cient\u00edfica nas Ci\u00eancias Sociais e Humanas, desenvolvida atrav\u00e9s das suas Unidades de Investiga\u00e7\u00e3o e apoiada pela Funda\u00e7\u00e3o para a Ci\u00eancia e Tecnologia. Revistas e cole\u00e7\u00f5es t\u00eam-se constitu\u00eddo como refer\u00eancia nacional e internacional em \u00e1reas espec\u00edficas do conhecimento, algumas com mais de 20 [&hellip;]<\/p>\n","protected":false},"author":2,"featured_media":0,"parent":0,"menu_order":0,"comment_status":"closed","ping_status":"closed","template":"","meta":{"footnotes":""},"class_list":["post-3189","page","type-page","status-publish","hentry"],"acf":[],"_links":{"self":[{"href":"https:\/\/prelo.fcsh.unl.pt\/en\/wp-json\/wp\/v2\/pages\/3189","targetHints":{"allow":["GET"]}}],"collection":[{"href":"https:\/\/prelo.fcsh.unl.pt\/en\/wp-json\/wp\/v2\/pages"}],"about":[{"href":"https:\/\/prelo.fcsh.unl.pt\/en\/wp-json\/wp\/v2\/types\/page"}],"author":[{"embeddable":true,"href":"https:\/\/prelo.fcsh.unl.pt\/en\/wp-json\/wp\/v2\/users\/2"}],"replies":[{"embeddable":true,"href":"https:\/\/prelo.fcsh.unl.pt\/en\/wp-json\/wp\/v2\/comments?post=3189"}],"version-history":[{"count":4,"href":"https:\/\/prelo.fcsh.unl.pt\/en\/wp-json\/wp\/v2\/pages\/3189\/revisions"}],"predecessor-version":[{"id":3193,"href":"https:\/\/prelo.fcsh.unl.pt\/en\/wp-json\/wp\/v2\/pages\/3189\/revisions\/3193"}],"wp:attachment":[{"href":"https:\/\/prelo.fcsh.unl.pt\/en\/wp-json\/wp\/v2\/media?parent=3189"}],"curies":[{"name":"wp","href":"https:\/\/api.w.org\/{rel}","templated":true}]}}